{"id":11421,"date":"2023-01-10T22:22:11","date_gmt":"2023-01-11T03:22:11","guid":{"rendered":"https:\/\/www.yuliyjosh.com\/welcome\/?page_id=11421"},"modified":"2023-01-15T23:25:40","modified_gmt":"2023-01-16T04:25:40","slug":"contacto","status":"publish","type":"page","link":"https:\/\/www.yuliyjosh.com\/welcome\/contacto\/","title":{"rendered":"Contacto e informaci\u00f3n General"},"content":{"rendered":"<script type=\"text\/javascript\">var gform;gform||(document.addEventListener(\"gform_main_scripts_loaded\",function(){gform.scriptsLoaded=!0}),window.addEventListener(\"DOMContentLoaded\",function(){gform.domLoaded=!0}),gform={domLoaded:!1,scriptsLoaded:!1,initializeOnLoaded:function(o){gform.domLoaded&&gform.scriptsLoaded?o():!gform.domLoaded&&gform.scriptsLoaded?window.addEventListener(\"DOMContentLoaded\",o):document.addEventListener(\"gform_main_scripts_loaded\",o)},hooks:{action:{},filter:{}},addAction:function(o,n,r,t){gform.addHook(\"action\",o,n,r,t)},addFilter:function(o,n,r,t){gform.addHook(\"filter\",o,n,r,t)},doAction:function(o){gform.doHook(\"action\",o,arguments)},applyFilters:function(o){return gform.doHook(\"filter\",o,arguments)},removeAction:function(o,n){gform.removeHook(\"action\",o,n)},removeFilter:function(o,n,r){gform.removeHook(\"filter\",o,n,r)},addHook:function(o,n,r,t,i){null==gform.hooks[o][n]&&(gform.hooks[o][n]=[]);var e=gform.hooks[o][n];null==i&&(i=n+\"_\"+e.length),gform.hooks[o][n].push({tag:i,callable:r,priority:t=null==t?10:t})},doHook:function(n,o,r){var t;if(r=Array.prototype.slice.call(r,1),null!=gform.hooks[n][o]&&((o=gform.hooks[n][o]).sort(function(o,n){return o.priority-n.priority}),o.forEach(function(o){\"function\"!=typeof(t=o.callable)&&(t=window[t]),\"action\"==n?t.apply(null,r):r[0]=t.apply(null,r)})),\"filter\"==n)return r[0]},removeHook:function(o,n,t,i){var r;null!=gform.hooks[o][n]&&(r=(r=gform.hooks[o][n]).filter(function(o,n,r){return!!(null!=i&&i!=o.tag||null!=t&&t!=o.priority)}),gform.hooks[o][n]=r)}});<\/script>\n                <div class='gf_browser_gecko gform_wrapper gravity-theme gform-theme--no-framework' data-form-theme='gravity-theme' data-form-index='0' id='gform_wrapper_1' style='display:none'>\n                        <div class='gform_heading'>\n                            <h2 class=\"gform_title\">Contacto<\/h2>\n                            <p class='gform_description'>Llena correctamente todos los datos de este formulario, tenemos un gran volumen de mensajes a diario, tardamos de 24 a 72 horas en responder (D\u00cdAS H\u00c1BILES) - (LUNES a VIERNES)<\/p>\n                        <\/div><form method='post' enctype='multipart\/form-data'  id='gform_1'  action='\/welcome\/wp-json\/wp\/v2\/pages\/11421' data-formid='1' novalidate>\n                        <div class='gform-body gform_body'><div id='gform_fields_1' class='gform_fields top_label form_sublabel_below description_below validation_below'><fieldset id=\"field_1_1\" class=\"gfield gfield--type-name gfield--width-half gfield_contains_required field_sublabel_hidden_label gfield--no-description field_description_below field_validation_below gfield_visibility_visible\"  data-js-reload=\"field_1_1\" ><legend class='gfield_label gform-field-label gfield_label_before_complex' >Nombres y Apellidos<span class=\"gfield_required\"><span class=\"gfield_required gfield_required_text\">(Obligatorio)<\/span><\/span><\/legend><div class='ginput_complex ginput_container ginput_container--name no_prefix has_first_name no_middle_name no_last_name no_suffix gf_name_has_1 ginput_container_name gform-grid-row' id='input_1_1'>\n                            \n                            <span id='input_1_1_3_container' class='name_first gform-grid-col gform-grid-col--size-auto' >\n                                                    <input type='text' name='input_1.3' id='input_1_1_3' value=''   aria-required='true'     \/>\n                                                    <label for='input_1_1_3' class='gform-field-label gform-field-label--type-sub hidden_sub_label screen-reader-text'>Escribe tus nombres y apellidos<\/label>\n                                                <\/span>\n                            \n                            \n                            \n                        <\/div><\/fieldset><div id=\"field_1_9\" class=\"gfield gfield--type-text gfield--width-half gfield_contains_required field_sublabel_below gfield--has-description field_description_below field_validation_below gfield_visibility_visible\"  data-js-reload=\"field_1_9\" ><label class='gfield_label gform-field-label' for='input_1_9'>Comunidad\/Parroquia\/Grupo<span class=\"gfield_required\"><span class=\"gfield_required gfield_required_text\">(Obligatorio)<\/span><\/span><\/label><div class='ginput_container ginput_container_text'><input name='input_9' id='input_1_9' type='text' value='' class='large'  aria-describedby=\"gfield_description_1_9\"   aria-required=\"true\" aria-invalid=\"false\"   \/> <\/div><div class='gfield_description' id='gfield_description_1_9'>Escribe el nombre de tu Comunidad<\/div><\/div><div id=\"field_1_2\" class=\"gfield gfield--type-email gfield--width-half gfield_contains_required field_sublabel_below gfield--no-description field_description_below field_validation_below gfield_visibility_visible\"  data-js-reload=\"field_1_2\" ><label class='gfield_label gform-field-label' for='input_1_2'>Email<span class=\"gfield_required\"><span class=\"gfield_required gfield_required_text\">(Obligatorio)<\/span><\/span><\/label><div class='ginput_container ginput_container_email'>\n                            <input name='input_2' id='input_1_2' type='email' value='' class='large'    aria-required=\"true\" aria-invalid=\"false\"  \/>\n                        <\/div><\/div><div id=\"field_1_4\" class=\"gfield gfield--type-text gfield--width-half gfield_contains_required field_sublabel_below gfield--no-description field_description_below field_validation_below gfield_visibility_visible\"  data-js-reload=\"field_1_4\" ><label class='gfield_label gform-field-label' for='input_1_4'>Pa\u00eds<span class=\"gfield_required\"><span class=\"gfield_required gfield_required_text\">(Obligatorio)<\/span><\/span><\/label><div class='ginput_container ginput_container_text'><input name='input_4' id='input_1_4' type='text' value='' class='large'     aria-required=\"true\" aria-invalid=\"false\"   \/> <\/div><\/div><div id=\"field_1_7\" class=\"gfield gfield--type-text gfield--width-half gfield_contains_required field_sublabel_below gfield--has-description field_description_below field_validation_below gfield_visibility_visible\"  data-js-reload=\"field_1_7\" ><label class='gfield_label gform-field-label' for='input_1_7'>C\u00f3digo de tu Pa\u00eds<span class=\"gfield_required\"><span class=\"gfield_required gfield_required_text\">(Obligatorio)<\/span><\/span><\/label><div class='ginput_container ginput_container_text'><input name='input_7' id='input_1_7' type='text' value='' class='small'  aria-describedby=\"gfield_description_1_7\"   aria-required=\"true\" aria-invalid=\"false\"   \/> <\/div><div class='gfield_description' id='gfield_description_1_7'>Ejemplo: +57 <\/div><\/div><div id=\"field_1_8\" class=\"gfield gfield--type-phone gfield--width-half gfield_contains_required field_sublabel_below gfield--has-description field_description_below field_validation_below gfield_visibility_visible\"  data-js-reload=\"field_1_8\" ><label class='gfield_label gform-field-label' for='input_1_8'>Celular\/WhatsApp\/Telegram<span class=\"gfield_required\"><span class=\"gfield_required gfield_required_text\">(Obligatorio)<\/span><\/span><\/label><div class='ginput_container ginput_container_phone'><input name='input_8' id='input_1_8' type='tel' value='' class='medium'   aria-required=\"true\" aria-invalid=\"false\" aria-describedby=\"gfield_description_1_8\"  \/><\/div><div class='gfield_description' id='gfield_description_1_8'>Digita tu n\u00famero de Celular con WhatsApp\/Telegram<\/div><\/div><div id=\"field_1_10\" class=\"gfield gfield--type-text gfield--width-full gfield_contains_required field_sublabel_below gfield--no-description field_description_below field_validation_below gfield_visibility_visible\"  data-js-reload=\"field_1_10\" ><label class='gfield_label gform-field-label' for='input_1_10'>Asunto<span class=\"gfield_required\"><span class=\"gfield_required gfield_required_text\">(Obligatorio)<\/span><\/span><\/label><div class='ginput_container ginput_container_text'><input name='input_10' id='input_1_10' type='text' value='' class='large' maxlength='100'    aria-required=\"true\" aria-invalid=\"false\"   \/> <\/div><\/div><div id=\"field_1_11\" class=\"gfield gfield--type-textarea gfield--width-full gfield_contains_required field_sublabel_below gfield--no-description field_description_below field_validation_below gfield_visibility_visible\"  data-js-reload=\"field_1_11\" ><label class='gfield_label gform-field-label' for='input_1_11'>Tu Mensaje<span class=\"gfield_required\"><span class=\"gfield_required gfield_required_text\">(Obligatorio)<\/span><\/span><\/label><div class='ginput_container ginput_container_textarea'><textarea name='input_11' id='input_1_11' class='textarea large'   maxlength='600'  aria-required=\"true\" aria-invalid=\"false\"   rows='10' cols='50'><\/textarea><\/div><\/div><fieldset id=\"field_1_12\" class=\"gfield gfield--type-consent gfield--type-choice gfield--input-type-consent gfield--width-full gfield_contains_required field_sublabel_below gfield--no-description field_description_below field_validation_below gfield_visibility_visible\"  data-js-reload=\"field_1_12\" ><legend class='gfield_label gform-field-label gfield_label_before_complex' >Consentimiento<span class=\"gfield_required\"><span class=\"gfield_required gfield_required_text\">(Obligatorio)<\/span><\/span><\/legend><div class='ginput_container ginput_container_consent'><input name='input_12.1' id='input_1_12_1' type='checkbox' value='1'   aria-required=\"true\" aria-invalid=\"false\"   \/> <label class=\"gform-field-label gform-field-label--type-inline gfield_consent_label\" for='input_1_12_1' >Estoy de acuerdo con las Pol\u00edticas de Uso y Tratamiento de de Datos de YULI Y JOSH<\/label><input type='hidden' name='input_12.2' value='Estoy de acuerdo con las Pol\u00edticas de Uso y Tratamiento de de Datos de YULI Y JOSH' class='gform_hidden' \/><input type='hidden' name='input_12.3' value='1' class='gform_hidden' \/><\/div><\/fieldset><div id=\"field_1_13\" class=\"gfield gfield--type-captcha gfield--width-full field_sublabel_below gfield--has-description field_description_above field_validation_below gfield_visibility_visible\"  data-js-reload=\"field_1_13\" ><label class='gfield_label gform-field-label' for='input_1_13'>Verifiquemos que no eres un BOT<\/label><div class='gfield_description' id='gfield_description_1_13'>Selecciona la casilla que aparece debajo<\/div><div id='input_1_13' class='ginput_container ginput_recaptcha' data-sitekey='6LcKhEQUAAAAAIO-4cndcd0BdP9sv-EzHz0lRgZl'  data-theme='light' data-tabindex='0'  data-badge=''><\/div><\/div><div id=\"field_1_14\" class=\"gfield gfield--type-honeypot gform_validation_container field_sublabel_below gfield--has-description field_description_below field_validation_below gfield_visibility_visible\"  data-js-reload=\"field_1_14\" ><label class='gfield_label gform-field-label' for='input_1_14'>Phone<\/label><div class='ginput_container'><input name='input_14' id='input_1_14' type='text' value='' autocomplete='new-password'\/><\/div><div class='gfield_description' id='gfield_description_1_14'>Este campo es un campo de validaci\u00f3n y debe quedar sin cambios.<\/div><\/div><\/div><\/div>\n        <div class='gform_footer top_label'> <input type='submit' id='gform_submit_button_1' class='gform_button button' value='Enviar Solicitud'  onclick='if(window[\"gf_submitting_1\"]){return false;}  if( !jQuery(\"#gform_1\")[0].checkValidity || jQuery(\"#gform_1\")[0].checkValidity()){window[\"gf_submitting_1\"]=true;}  ' onkeypress='if( event.keyCode == 13 ){ if(window[\"gf_submitting_1\"]){return false;} if( !jQuery(\"#gform_1\")[0].checkValidity || jQuery(\"#gform_1\")[0].checkValidity()){window[\"gf_submitting_1\"]=true;}  jQuery(\"#gform_1\").trigger(\"submit\",[true]); }' \/> \n            <input type='hidden' class='gform_hidden' name='is_submit_1' value='1' \/>\n            <input type='hidden' class='gform_hidden' name='gform_submit' value='1' \/>\n            \n            <input type='hidden' class='gform_hidden' name='gform_unique_id' value='' \/>\n            <input type='hidden' class='gform_hidden' name='state_1' value='WyJ7XCIxMi4xXCI6XCI1MGU0ODg5NGRhMjI1ZWYwMjc3YzVkZGVmYjFlZGVjYlwiLFwiMTIuMlwiOlwiNTg2M2M2MjllNmU1Y2ZjNzQ3YjZjODdkNjI4OTY0ZTZcIixcIjEyLjNcIjpcIjUwZTQ4ODk0ZGEyMjVlZjAyNzdjNWRkZWZiMWVkZWNiXCJ9IiwiNDIwZTRjY2RmYzRmYjU5OGZlMmM4MzAxNTJjYzdlY2IiXQ==' \/>\n            <input type='hidden' class='gform_hidden' name='gform_target_page_number_1' id='gform_target_page_number_1' value='0' \/>\n            <input type='hidden' class='gform_hidden' name='gform_source_page_number_1' id='gform_source_page_number_1' value='1' \/>\n            <input type='hidden' name='gform_field_values' value='' \/>\n            \n        <\/div>\n                        <\/form>\n                        <\/div><script type=\"text\/javascript\">\n\/* <![CDATA[ *\/\n gform.initializeOnLoaded( function() {gformInitSpinner( 1, 'https:\/\/www.yuliyjosh.com\/welcome\/wp-content\/plugins\/gravityforms\/images\/spinner.svg', true );jQuery('#gform_ajax_frame_1').on('load',function(){var contents = jQuery(this).contents().find('*').html();var is_postback = contents.indexOf('GF_AJAX_POSTBACK') >= 0;if(!is_postback){return;}var form_content = jQuery(this).contents().find('#gform_wrapper_1');var is_confirmation = jQuery(this).contents().find('#gform_confirmation_wrapper_1').length > 0;var is_redirect = contents.indexOf('gformRedirect(){') >= 0;var is_form = form_content.length > 0 && ! is_redirect && ! is_confirmation;var mt = parseInt(jQuery('html').css('margin-top'), 10) + parseInt(jQuery('body').css('margin-top'), 10) + 100;if(is_form){form_content.find('form').css('opacity', 0);jQuery('#gform_wrapper_1').html(form_content.html());if(form_content.hasClass('gform_validation_error')){jQuery('#gform_wrapper_1').addClass('gform_validation_error');} else {jQuery('#gform_wrapper_1').removeClass('gform_validation_error');}setTimeout( function() { \/* delay the scroll by 50 milliseconds to fix a bug in chrome *\/  }, 50 );if(window['gformInitDatepicker']) {gformInitDatepicker();}if(window['gformInitPriceFields']) {gformInitPriceFields();}var current_page = jQuery('#gform_source_page_number_1').val();gformInitSpinner( 1, 'https:\/\/www.yuliyjosh.com\/welcome\/wp-content\/plugins\/gravityforms\/images\/spinner.svg', true );jQuery(document).trigger('gform_page_loaded', [1, current_page]);window['gf_submitting_1'] = false;}else if(!is_redirect){var confirmation_content = jQuery(this).contents().find('.GF_AJAX_POSTBACK').html();if(!confirmation_content){confirmation_content = contents;}jQuery('#gform_wrapper_1').replaceWith(confirmation_content);jQuery(document).trigger('gform_confirmation_loaded', [1]);window['gf_submitting_1'] = false;wp.a11y.speak(jQuery('#gform_confirmation_message_1').text());}else{jQuery('#gform_1').append(contents);if(window['gformRedirect']) {gformRedirect();}}jQuery(document).trigger(\"gform_pre_post_render\", [{ formId: \"1\", currentPage: \"current_page\", abort: function() { this.preventDefault(); } }]);                if (event && event.defaultPrevented) {                return;         }        const gformWrapperDiv = document.getElementById( \"gform_wrapper_1\" );        if ( gformWrapperDiv ) {            const visibilitySpan = document.createElement( \"span\" );            visibilitySpan.id = \"gform_visibility_test_1\";            gformWrapperDiv.insertAdjacentElement( \"afterend\", visibilitySpan );        }        const visibilityTestDiv = document.getElementById( \"gform_visibility_test_1\" );        let postRenderFired = false;                function triggerPostRender() {            if ( postRenderFired ) {                return;            }            postRenderFired = true;            jQuery( document ).trigger( 'gform_post_render', [1, current_page] );            gform.utils.trigger( { event: 'gform\/postRender', native: false, data: { formId: 1, currentPage: current_page } } );            if ( visibilityTestDiv ) {                visibilityTestDiv.parentNode.removeChild( visibilityTestDiv );            }        }        function debounce( func, wait, immediate ) {            var timeout;            return function() {                var context = this, args = arguments;                var later = function() {                    timeout = null;                    if ( !immediate ) func.apply( context, args );                };                var callNow = immediate && !timeout;                clearTimeout( timeout );                timeout = setTimeout( later, wait );                if ( callNow ) func.apply( context, args );            };        }        const debouncedTriggerPostRender = debounce( function() {            triggerPostRender();        }, 200 );        if ( visibilityTestDiv && visibilityTestDiv.offsetParent === null ) {            const observer = new MutationObserver( ( mutations ) => {                mutations.forEach( ( mutation ) => {                    if ( mutation.type === 'attributes' && visibilityTestDiv.offsetParent !== null ) {                        debouncedTriggerPostRender();                        observer.disconnect();                    }                });            });            observer.observe( document.body, {                attributes: true,                childList: false,                subtree: true,                attributeFilter: [ 'style', 'class' ],            });        } else {            triggerPostRender();        }    } );} ); \n\/* ]]> *\/\n<\/script>\n\n","protected":false},"excerpt":{"rendered":"Contacto Llena correctamente todos los datos de este formulario, tenemos un gran volumen de mensajes a diario, tardamos de 24 a 72 horas en responder (D\u00cdAS H\u00c1BILES) - (LUNES a VIERNES) Nombres y Apellidos(Obligatorio) Escribe tus nombres y apellidos Comunidad\/Parroquia\/Grupo(Obligatorio) Escribe el nombre de tu ComunidadEmail(Obligatorio) Pa\u00eds(Obligatorio) C\u00f3digo de tu Pa\u00eds(Obligatorio) Ejemplo: +57 Celular\/WhatsApp\/Telegram(Obligatorio)Digita tu...<p><a rel=\"bookmark\" class=\"theme-button-text wvc-button wvc-button-size-xs\" href=\"https:\/\/www.yuliyjosh.com\/welcome\/contacto\/\"><small class=\"wvc-button-background-fill\"><\/small><span>Seguir leyendo<\/span><\/a><\/p>","protected":false},"author":1,"featured_media":0,"parent":0,"menu_order":0,"comment_status":"closed","ping_status":"closed","template":"","meta":{"_themeisle_gutenberg_block_has_review":false,"footnotes":""},"class_list":{"0":"post-11421","1":"page","2":"type-page","3":"status-publish","4":"hentry","5":"entry","6":"clearfix","7":"entry-grid","8":"entry-columns-default","9":"entry-page-module-layout-standard","10":"no-post-thumbnail","11":"entry-page","13":"entry-page-grid"},"_links":{"self":[{"href":"https:\/\/www.yuliyjosh.com\/welcome\/wp-json\/wp\/v2\/pages\/11421","targetHints":{"allow":["GET"]}}],"collection":[{"href":"https:\/\/www.yuliyjosh.com\/welcome\/wp-json\/wp\/v2\/pages"}],"about":[{"href":"https:\/\/www.yuliyjosh.com\/welcome\/wp-json\/wp\/v2\/types\/page"}],"author":[{"embeddable":true,"href":"https:\/\/www.yuliyjosh.com\/welcome\/wp-json\/wp\/v2\/users\/1"}],"replies":[{"embeddable":true,"href":"https:\/\/www.yuliyjosh.com\/welcome\/wp-json\/wp\/v2\/comments?post=11421"}],"version-history":[{"count":3,"href":"https:\/\/www.yuliyjosh.com\/welcome\/wp-json\/wp\/v2\/pages\/11421\/revisions"}],"predecessor-version":[{"id":11590,"href":"https:\/\/www.yuliyjosh.com\/welcome\/wp-json\/wp\/v2\/pages\/11421\/revisions\/11590"}],"wp:attachment":[{"href":"https:\/\/www.yuliyjosh.com\/welcome\/wp-json\/wp\/v2\/media?parent=11421"}],"curies":[{"name":"wp","href":"https:\/\/api.w.org\/{rel}","templated":true}]}}