{"id":8702,"date":"2023-01-21T09:24:03","date_gmt":"2023-01-21T14:24:03","guid":{"rendered":"https:\/\/stage.wolfthemes.live\/herion\/?page_id=8702"},"modified":"2023-06-13T12:23:39","modified_gmt":"2023-06-13T17:23:39","slug":"band-home","status":"publish","type":"page","link":"https:\/\/www.yuliyjosh.com\/welcome\/","title":{"rendered":"Inicio"},"content":{"rendered":"<div class=\"wpb-content-wrapper\"><p>[vc_row content_width=&#8221;full&#8221; equal_height=&#8221;&#8221; font_color=&#8221;light&#8221; shift_y=&#8221;0&#8243; z_index=&#8221;0&#8243;][vc_column]\n\t\t\t<!-- START SlidePrincipal REVOLUTION SLIDER 6.6.15 --><p class=\"rs-p-wp-fix\"><\/p>\n\t\t\t<rs-module-wrap id=\"rev_slider_242_1_wrapper\" data-source=\"gallery\" style=\"visibility:hidden;background:transparent;padding:0;margin:0px auto;margin-top:0;margin-bottom:0;\">\n\t\t\t\t<rs-module id=\"rev_slider_242_1\" style=\"\" data-version=\"6.6.15\">\n\t\t\t\t\t<rs-slides style=\"overflow: hidden; position: absolute;\">\n\t\t\t\t\t\t<rs-slide style=\"position: absolute;\" data-key=\"rs-517\" data-title=\"Slide\" data-in=\"o:0;\" data-out=\"a:false;\">\n\t\t\t\t\t\t\t<img decoding=\"async\" src=\"\/\/www.yuliyjosh.com\/welcome\/wp-content\/plugins\/revslider\/public\/assets\/assets\/dummy.png\" alt=\"\" title=\"yuliyjoshslide\" width=\"2560\" height=\"1490\" class=\"rev-slidebg tp-rs-img rs-lazyload\" data-lazyload=\"\/\/www.yuliyjosh.com\/welcome\/wp-content\/uploads\/2022\/12\/yuliyjoshslide-scaled.jpeg\" data-parallax=\"5\" data-no-retina>\n<!--\n\t\t\t\t\t\t\t--><rs-layer\n\t\t\t\t\t\t\t\tid=\"slider-242-slide-517-layer-0\" \n\t\t\t\t\t\t\t\tclass=\"MarkerDisplay\"\n\t\t\t\t\t\t\t\tdata-type=\"text\"\n\t\t\t\t\t\t\t\tdata-color=\"rgba(255,255,255,1)\"\n\t\t\t\t\t\t\t\tdata-rsp_ch=\"on\"\n\t\t\t\t\t\t\t\tdata-xy=\"x:c;xo:-156px,180px,0,0;y:b;yo:92px,42px,20px,20px;\"\n\t\t\t\t\t\t\t\tdata-text=\"s:15;l:22;\"\n\t\t\t\t\t\t\t\tdata-border=\"bor:0px,0px,30px,30px;\"\n\t\t\t\t\t\t\t\tdata-frame_0=\"y:-30px;o:1;\"\n\t\t\t\t\t\t\t\tdata-frame_1=\"e:power3.out;st:3500;sp:1500;\"\n\t\t\t\t\t\t\t\tdata-frame_999=\"st:w;sp:1000;auto:true;\"\n\t\t\t\t\t\t\t\tdata-loop_999=\"y:3;sp:2000;e:power3.inOut;yym:t;yys:t;yyf:t;\"\n\t\t\t\t\t\t\t\tstyle=\"z-index:10;font-family:'Permanent Marker';\"\n\t\t\t\t\t\t\t><i class=\"fa-arrow-up\"><\/i> Charts Gratuitos para ti \n\t\t\t\t\t\t\t<\/rs-layer><!--\n\n\t\t\t\t\t\t\t--><rs-layer\n\t\t\t\t\t\t\t\tid=\"slider-242-slide-517-layer-1\" \n\t\t\t\t\t\t\t\tclass=\"Sports-Display\"\n\t\t\t\t\t\t\t\tdata-type=\"text\"\n\t\t\t\t\t\t\t\tdata-color=\"rgba(255,255,255,1)\"\n\t\t\t\t\t\t\t\tdata-rsp_ch=\"on\"\n\t\t\t\t\t\t\t\tdata-xy=\"x:c;y:m;yo:-170px,-170px,-190px,-140px;\"\n\t\t\t\t\t\t\t\tdata-text=\"s:130,130,130,100;l:130,130,130,100;ls:13px;fw:100;\"\n\t\t\t\t\t\t\t\tdata-frame_0=\"sX:1.5;sY:1.5;\"\n\t\t\t\t\t\t\t\tdata-frame_1=\"st:750;sp:2000;\"\n\t\t\t\t\t\t\t\tdata-frame_999=\"y:100%;e:nothing;st:w;sp:1000;\"\n\t\t\t\t\t\t\t\tdata-frame_999_mask=\"u:t;\"\n\t\t\t\t\t\t\t\tstyle=\"z-index:12;font-family:'Raleway';\"\n\t\t\t\t\t\t\t>YULI Y JOSH \n\t\t\t\t\t\t\t<\/rs-layer><!--\n\n\t\t\t\t\t\t\t--><rs-layer\n\t\t\t\t\t\t\t\tid=\"slider-242-slide-517-layer-2\" \n\t\t\t\t\t\t\t\tclass=\"Sports-DisplayFat\"\n\t\t\t\t\t\t\t\tdata-type=\"text\"\n\t\t\t\t\t\t\t\tdata-color=\"rgba(255,255,255,1)\"\n\t\t\t\t\t\t\t\tdata-rsp_ch=\"on\"\n\t\t\t\t\t\t\t\tdata-xy=\"x:c;y:m;yo:-48px,-48px,-68px,-48px;\"\n\t\t\t\t\t\t\t\tdata-text=\"s:130,130,130,100;l:130,130,130,100;fw:900;\"\n\t\t\t\t\t\t\t\tdata-frame_0=\"sX:1.5;sY:1.5;\"\n\t\t\t\t\t\t\t\tdata-frame_1=\"st:1000;sp:2000;\"\n\t\t\t\t\t\t\t\tdata-frame_999=\"y:100%;e:nothing;st:w;sp:1000;\"\n\t\t\t\t\t\t\t\tdata-frame_999_mask=\"u:t;\"\n\t\t\t\t\t\t\t\tstyle=\"z-index:6;font-family:'Raleway';\"\n\t\t\t\t\t\t\t>BIENVENIDOS \n\t\t\t\t\t\t\t<\/rs-layer><!--\n\n\t\t\t\t\t\t\t--><rs-layer\n\t\t\t\t\t\t\t\tid=\"slider-242-slide-517-layer-3\" \n\t\t\t\t\t\t\t\tdata-type=\"image\"\n\t\t\t\t\t\t\t\tdata-rsp_ch=\"on\"\n\t\t\t\t\t\t\t\tdata-xy=\"x:c;y:m;yo:70px,70px,50px,40px;\"\n\t\t\t\t\t\t\t\tdata-text=\"l:22;\"\n\t\t\t\t\t\t\t\tdata-dim=\"w:500px,500px,500px,420px;h:['45px','45px','45px','45px'];\"\n\t\t\t\t\t\t\t\tdata-frame_0=\"sX:0.8;sY:0.8;\"\n\t\t\t\t\t\t\t\tdata-frame_1=\"st:1250;sp:1500;\"\n\t\t\t\t\t\t\t\tdata-frame_999=\"y:100%;e:nothing;st:w;sp:1000;\"\n\t\t\t\t\t\t\t\tdata-frame_999_mask=\"u:t;\"\n\t\t\t\t\t\t\t\tstyle=\"z-index:7;\"\n\t\t\t\t\t\t\t><img decoding=\"async\" src=\"\/\/www.yuliyjosh.com\/welcome\/wp-content\/plugins\/revslider\/public\/assets\/assets\/dummy.png\" alt=\"\" class=\"tp-rs-img rs-lazyload\" data-lazyload=\"\/\/www.yuliyjosh.com\/welcome\/wp-content\/uploads\/revslider\/sports_sublinebg.png\" data-no-retina> \n\t\t\t\t\t\t\t<\/rs-layer><!--\n\n\t\t\t\t\t\t\t--><rs-layer\n\t\t\t\t\t\t\t\tid=\"slider-242-slide-517-layer-4\" \n\t\t\t\t\t\t\t\tclass=\"Sports-Subline\"\n\t\t\t\t\t\t\t\tdata-type=\"text\"\n\t\t\t\t\t\t\t\tdata-color=\"rgba(0,0,0,1)\"\n\t\t\t\t\t\t\t\tdata-rsp_ch=\"on\"\n\t\t\t\t\t\t\t\tdata-xy=\"x:c;y:m;yo:71px,71px,51px,41px;\"\n\t\t\t\t\t\t\t\tdata-text=\"s:30,30,30,25;l:30;ls:4px;\"\n\t\t\t\t\t\t\t\tdata-frame_0=\"o:1;\"\n\t\t\t\t\t\t\t\tdata-frame_0_chars=\"d:5;sX:0.8;sY:0.8;o:0;\"\n\t\t\t\t\t\t\t\tdata-frame_1=\"e:power4.out;st:1500;sp:1500;\"\n\t\t\t\t\t\t\t\tdata-frame_1_chars=\"d:5;\"\n\t\t\t\t\t\t\t\tdata-frame_999=\"y:100%;e:nothing;st:w;sp:1000;\"\n\t\t\t\t\t\t\t\tdata-frame_999_mask=\"u:t;\"\n\t\t\t\t\t\t\t\tstyle=\"z-index:8;font-family:'Raleway';\"\n\t\t\t\t\t\t\t>WWW.YULIYJOSH.COM \n\t\t\t\t\t\t\t<\/rs-layer><!--\n\n\t\t\t\t\t\t\t--><rs-layer\n\t\t\t\t\t\t\t\tid=\"slider-242-slide-517-layer-5\" \n\t\t\t\t\t\t\t\tclass=\"MarkerDisplay\"\n\t\t\t\t\t\t\t\tdata-type=\"text\"\n\t\t\t\t\t\t\t\tdata-color=\"rgba(255,255,255,1)\"\n\t\t\t\t\t\t\t\tdata-rsp_ch=\"on\"\n\t\t\t\t\t\t\t\tdata-xy=\"x:c;xo:180px,180px,0,0;y:b;yo:90px,42px,20px,20px;\"\n\t\t\t\t\t\t\t\tdata-text=\"s:15;l:22;\"\n\t\t\t\t\t\t\t\tdata-border=\"bor:0px,0px,30px,30px;\"\n\t\t\t\t\t\t\t\tdata-frame_0=\"y:-30px;o:1;\"\n\t\t\t\t\t\t\t\tdata-frame_1=\"e:power3.out;st:3500;sp:1500;\"\n\t\t\t\t\t\t\t\tdata-frame_999=\"st:w;sp:1000;auto:true;\"\n\t\t\t\t\t\t\t\tdata-loop_999=\"y:3;sp:2000;e:power3.inOut;yym:t;yys:t;yyf:t;\"\n\t\t\t\t\t\t\t\tstyle=\"z-index:9;font-family:'Permanent Marker';\"\n\t\t\t\t\t\t\t><i class=\"fa-arrow-up\"><\/i> Tour 2023 \n\t\t\t\t\t\t\t<\/rs-layer><!--\n\n\t\t\t\t\t\t\t--><rs-layer\n\t\t\t\t\t\t\t\tid=\"slider-242-slide-517-layer-6\" \n\t\t\t\t\t\t\t\tclass=\"rev-btn rev-bordered\"\n\t\t\t\t\t\t\t\tdata-type=\"text\"\n\t\t\t\t\t\t\t\tdata-color=\"rgba(255,255,255,1)\"\n\t\t\t\t\t\t\t\tdata-xy=\"x:c;xo:-180px,-180px,0,0;y:b;yo:120px,70px,115px,115px;\"\n\t\t\t\t\t\t\t\tdata-text=\"s:17;l:17;ls:2px;fw:600;\"\n\t\t\t\t\t\t\t\tdata-actions='o:click;a:simplelink;target:_self;url:https:\/\/www.yuliyjosh.com\/welcome\/descargas\/;'\n\t\t\t\t\t\t\t\tdata-rsp_o=\"off\"\n\t\t\t\t\t\t\t\tdata-rsp_bd=\"off\"\n\t\t\t\t\t\t\t\tdata-padding=\"t:12;r:35;b:12;l:35;\"\n\t\t\t\t\t\t\t\tdata-border=\"bos:solid;boc:rgba(255,255,255,0.50);bow:2,2,2,2;\"\n\t\t\t\t\t\t\t\tdata-frame_0=\"x:100%;o:1;\"\n\t\t\t\t\t\t\t\tdata-frame_0_mask=\"u:t;\"\n\t\t\t\t\t\t\t\tdata-frame_1=\"st:2500;sp:1500;\"\n\t\t\t\t\t\t\t\tdata-frame_1_mask=\"u:t;\"\n\t\t\t\t\t\t\t\tdata-frame_999=\"x:100%;st:w;sp:1000;\"\n\t\t\t\t\t\t\t\tdata-frame_999_mask=\"u:t;\"\n\t\t\t\t\t\t\t\tdata-frame_hover=\"boc:#fff;bor:0px,0px,0px,0px;bos:solid;bow:2,2,2,2;oX:50;oY:50;sp:500;e:none;\"\n\t\t\t\t\t\t\t\tstyle=\"z-index:11;font-family:'Raleway';\"\n\t\t\t\t\t\t\t>DESCARGA ACORDES \n\t\t\t\t\t\t\t<\/rs-layer><!--\n\n\t\t\t\t\t\t\t--><rs-layer\n\t\t\t\t\t\t\t\tid=\"slider-242-slide-517-layer-7\" \n\t\t\t\t\t\t\t\tclass=\"rev-btn rev-bordered\"\n\t\t\t\t\t\t\t\tdata-type=\"text\"\n\t\t\t\t\t\t\t\tdata-color=\"rgba(255,255,255,1)\"\n\t\t\t\t\t\t\t\tdata-xy=\"x:c;xo:180px,180px,0,0;y:b;yo:120px,70px,50px,50px;\"\n\t\t\t\t\t\t\t\tdata-text=\"s:17;l:17;ls:2px;fw:600;\"\n\t\t\t\t\t\t\t\tdata-actions='o:click;a:simplelink;target:_self;url:https:\/\/www.yuliyjosh.com\/welcome\/booking\/;'\n\t\t\t\t\t\t\t\tdata-rsp_o=\"off\"\n\t\t\t\t\t\t\t\tdata-rsp_bd=\"off\"\n\t\t\t\t\t\t\t\tdata-padding=\"t:12;r:35;b:12;l:35;\"\n\t\t\t\t\t\t\t\tdata-border=\"bos:solid;bow:2px,2px,2px,2px;\"\n\t\t\t\t\t\t\t\tdata-frame_0=\"x:-100%;o:1;\"\n\t\t\t\t\t\t\t\tdata-frame_0_mask=\"u:t;\"\n\t\t\t\t\t\t\t\tdata-frame_1=\"st:2500;sp:1500;\"\n\t\t\t\t\t\t\t\tdata-frame_1_mask=\"u:t;\"\n\t\t\t\t\t\t\t\tdata-frame_999=\"x:-100%;st:w;sp:1000;\"\n\t\t\t\t\t\t\t\tdata-frame_999_mask=\"u:t;\"\n\t\t\t\t\t\t\t\tdata-frame_hover=\"bgc:#000;boc:#000;bor:0px,0px,0px,0px;bos:solid;bow:2,2,2,2;oX:50;oY:50;sp:500;e:none;\"\n\t\t\t\t\t\t\t\tstyle=\"z-index:13;background-color:rgba(219,28,34,1);font-family:'Raleway';\"\n\t\t\t\t\t\t\t>INVITACIONES \n\t\t\t\t\t\t\t<\/rs-layer><!--\n-->\t\t\t\t\t\t<\/rs-slide>\n\t\t\t\t\t<\/rs-slides>\n\t\t\t\t<\/rs-module>\n\t\t\t\t<script>\n\t\t\t\t\tsetREVStartSize({c: 'rev_slider_242_1',rl:[1240,1024,778,480],el:[720,640,640,640],gw:[1240,1024,778,480],gh:[720,640,640,640],type:'hero',justify:'',layout:'fullwidth',mh:\"0\"});if (window.RS_MODULES!==undefined && window.RS_MODULES.modules!==undefined && window.RS_MODULES.modules[\"revslider2421\"]!==undefined) {window.RS_MODULES.modules[\"revslider2421\"].once = false;window.revapi242 = undefined;if (window.RS_MODULES.checkMinimal!==undefined) window.RS_MODULES.checkMinimal()}\n\t\t\t\t<\/script>\n\t\t\t<\/rs-module-wrap>\n\t\t\t<!-- END REVOLUTION SLIDER -->\n[\/vc_column][\/vc_row][vc_row columns_placement=&#8221;middle&#8221; equal_height=&#8221;yes&#8221; content_placement=&#8221;middle&#8221; shift_y=&#8221;0&#8243; z_index=&#8221;0&#8243; min_height=&#8221;500&#8243; css=&#8221;.vc_custom_1571666091199{padding-top: 0px !important;}&#8221;][vc_column width=&#8221;1\/2&#8243; shift_x=&#8221;0&#8243; shift_y=&#8221;-70&#8243; z_index=&#8221;0&#8243;][wvc_release_index el_id=&#8221;index-50686&#8243; release_display=&#8221;animated_cover&#8221; orderby=&#8221;&#8221; order=&#8221;&#8221; columns=&#8221;1&#8243; posts_per_page=&#8221;1&#8243; css=&#8221;.vc_custom_1571665978377{margin-bottom: -40px !important;}&#8221;][\/vc_column][vc_column width=&#8221;1\/2&#8243;][wvc_parallax_holder y_axis=&#8221;60&#8243; smoothness=&#8221;50&#8243; z_index=&#8221;0&#8243;][vc_custom_heading text=&#8221;\u00a1Nuevo Lanzamiento!&#8221; font_size=&#8221;95&#8243; font_family=&#8221;HarleyStyle&#8221; text_align=&#8221;left&#8221; color=&#8221;custom&#8221; text_transform=&#8221;none&#8221; custom_color=&#8221;rgba(0,0,0,0.31)&#8221; css=&#8221;.vc_custom_1674368934709{margin-bottom: -20px !important;}&#8221;][vc_custom_heading text=&#8221;Nuevo VideoLyric&#8221; font_size=&#8221;35&#8243; text_align=&#8221;left&#8221; css=&#8221;.vc_custom_1674368947635{margin-bottom: 35px !important;}&#8221;][vc_column_text css=&#8221;.vc_custom_1674369030009{margin-bottom: 45px !important;}&#8221;]A continuaci\u00f3n podr\u00e1s descargar en m\u00e1s de 50 plataformas digitales de m\u00fasica todas nuestras canciones. Te mostramos el link de 2 importantes, pero podr\u00e1s descargarlas en tu plataforma favorita.[\/vc_column_text][vc_column_text]<a href=\"https:\/\/open.spotify.com\/artist\/65kC6oCCPyiGpXN9FMWXOn?si=Vq_-rTfaSGWgemIBhWsAXw\"><img loading=\"lazy\" decoding=\"async\" class=\"alignleft wp-image-11601 size-full\" src=\"https:\/\/www.yuliyjosh.com\/welcome\/wp-content\/uploads\/2023\/01\/spotify.jpeg\" alt=\"\" width=\"173\" height=\"58\" \/><\/a><a href=\"https:\/\/music.apple.com\/co\/artist\/yuli-y-josh\/1156165499\"><img loading=\"lazy\" decoding=\"async\" class=\"alignleft wp-image-11605 size-full\" src=\"https:\/\/www.yuliyjosh.com\/welcome\/wp-content\/uploads\/2023\/01\/apple1.jpeg\" alt=\"\" width=\"173\" height=\"63\" \/><\/a>[\/vc_column_text][\/wvc_parallax_holder][vc_empty_space height=&#8221;100&#8243;][\/vc_column][\/vc_row][vc_row column_type=&#8221;block&#8221; shift_y=&#8221;0&#8243; z_index=&#8221;0&#8243;][vc_column width=&#8221;1\/2&#8243; font_color=&#8221;dark&#8221; background_type=&#8221;image&#8221; background_img=&#8221;9164&#8243; background_repeat=&#8221;repeat&#8221; background_size=&#8221;default&#8221; background_img_lazyload=&#8221;1&#8243; shift_x=&#8221;0&#8243; shift_y=&#8221;0&#8243; z_index=&#8221;0&#8243;][vc_custom_heading text=&#8221;Tour 2023&#8243; font_size=&#8221;75&#8243; font_family=&#8221;HarleyStyle&#8221; font_weight=&#8221;400&#8243; letter_spacing=&#8221;0&#8243; tag=&#8221;p&#8221; inline_style=&#8221;opacity:0.3;&#8221; css=&#8221;.vc_custom_1674369986761{margin-bottom: -20px !important;}&#8221;][vc_custom_heading text=&#8221;Pr\u00f3ximos Conciertos&#8221; font_size=&#8221;35&#8243;][wvc_event_index el_id=&#8221;index-62834&#8243; pagination=&#8221;link_to_events&#8221; posts_per_page=&#8221;4&#8243;][\/vc_column][vc_column width=&#8221;1\/2&#8243; font_color=&#8221;light&#8221; background_type=&#8221;video&#8221; video_bg_url=&#8221;https:\/\/www.youtube.com\/watch?v=mLQJmaZ2Qlk&#8221; shift_x=&#8221;0&#8243; shift_y=&#8221;0&#8243; z_index=&#8221;0&#8243;][wvc_video_opener caption_position=&#8221;bottom&#8221; video_url=&#8221;https:\/\/www.youtube.com\/watch?v=mLQJmaZ2Qlk&#8221; caption=&#8221;Mira nuestro Nuevo Video&#8221;][\/vc_column][\/vc_row][vc_row equal_height=&#8221;&#8221; font_color=&#8221;light&#8221; background_type=&#8221;image&#8221; background_color=&#8221;transparent&#8221; background_img=&#8221;8641&#8243; background_img_lazyload=&#8221;1&#8243; shift_y=&#8221;0&#8243; z_index=&#8221;0&#8243; min_height=&#8221;650&#8243; css=&#8221;.vc_custom_1571135643462{padding-top: 0px !important;}&#8221;][vc_column shift_x=&#8221;0&#8243; shift_y=&#8221;0&#8243; z_index=&#8221;0&#8243; max_width=&#8221;650&#8243;][wvc_spotify_player width=&#8221;650&#8243; height=&#8221;380&#8243; url=&#8221;https:\/\/open.spotify.com\/playlist\/6kjvGIcWae1JuHxGTeOkm9?si=fd43d9ff52a94c29&#8243; css=&#8221;.vc_custom_1672619823037{margin-top: -50px !important;}&#8221; css_animation=&#8221;fade-up&#8221;][\/vc_column][\/vc_row]<\/p>\n<\/div>","protected":false},"excerpt":{"rendered":"<p>[vc_row content_width=&#8221;full&#8221; equal_height=&#8221;&#8221; font_color=&#8221;light&#8221; shift_y=&#8221;0&#8243; z_index=&#8221;0&#8243;][vc_column][\/vc_column][\/vc_row][vc_row columns_placement=&#8221;middle&#8221; equal_height=&#8221;yes&#8221; content_placement=&#8221;middle&#8221; shift_y=&#8221;0&#8243; z_index=&#8221;0&#8243; min_height=&#8221;500&#8243; css=&#8221;.vc_custom_1571666091199{padding-top: 0px !important;}&#8221;][vc_column width=&#8221;1\/2&#8243; shift_x=&#8221;0&#8243; shift_y=&#8221;-70&#8243; z_index=&#8221;0&#8243;][wvc_release_index el_id=&#8221;index-50686&#8243; release_display=&#8221;animated_cover&#8221; orderby=&#8221;&#8221; order=&#8221;&#8221; columns=&#8221;1&#8243; posts_per_page=&#8221;1&#8243; css=&#8221;.vc_custom_1571665978377{margin-bottom: -40px !important;}&#8221;][\/vc_column][vc_column width=&#8221;1\/2&#8243;][wvc_parallax_holder y_axis=&#8221;60&#8243; smoothness=&#8221;50&#8243; z_index=&#8221;0&#8243;][vc_custom_heading text=&#8221;\u00a1Nuevo Lanzamiento!&#8221; font_size=&#8221;95&#8243; font_family=&#8221;HarleyStyle&#8221; text_align=&#8221;left&#8221; color=&#8221;custom&#8221; text_transform=&#8221;none&#8221; custom_color=&#8221;rgba(0,0,0,0.31)&#8221; css=&#8221;.vc_custom_1674368934709{margin-bottom: -20px !important;}&#8221;][vc_custom_heading text=&#8221;Nuevo VideoLyric&#8221; font_size=&#8221;35&#8243; text_align=&#8221;left&#8221; css=&#8221;.vc_custom_1674368947635{margin-bottom: 35px !important;}&#8221;][vc_column_text css=&#8221;.vc_custom_1674369030009{margin-bottom: 45px !important;}&#8221;]A continuaci\u00f3n podr\u00e1s&#8230;<\/p>\n<p><a rel=\"bookmark\" class=\"theme-button-text wvc-button wvc-button-size-xs\" href=\"https:\/\/www.yuliyjosh.com\/welcome\/\"><small class=\"wvc-button-background-fill\"><\/small><span>Seguir leyendo<\/span><\/a><\/p>\n","protected":false},"author":1,"featured_media":0,"parent":0,"menu_order":0,"comment_status":"closed","ping_status":"closed","template":"","meta":{"_themeisle_gutenberg_block_has_review":false,"footnotes":""},"class_list":{"0":"post-8702","1":"page","2":"type-page","3":"status-publish","4":"hentry","5":"entry","6":"clearfix","7":"entry-grid","8":"entry-columns-default","9":"entry-page-module-layout-standard","10":"is-audio-embed","11":"is-spotify","12":"is-youtube","13":"has-audio-player","14":"no-post-thumbnail","15":"entry-page","17":"entry-page-grid"},"_links":{"self":[{"href":"https:\/\/www.yuliyjosh.com\/welcome\/wp-json\/wp\/v2\/pages\/8702","targetHints":{"allow":["GET"]}}],"collection":[{"href":"https:\/\/www.yuliyjosh.com\/welcome\/wp-json\/wp\/v2\/pages"}],"about":[{"href":"https:\/\/www.yuliyjosh.com\/welcome\/wp-json\/wp\/v2\/types\/page"}],"author":[{"embeddable":true,"href":"https:\/\/www.yuliyjosh.com\/welcome\/wp-json\/wp\/v2\/users\/1"}],"replies":[{"embeddable":true,"href":"https:\/\/www.yuliyjosh.com\/welcome\/wp-json\/wp\/v2\/comments?post=8702"}],"version-history":[{"count":33,"href":"https:\/\/www.yuliyjosh.com\/welcome\/wp-json\/wp\/v2\/pages\/8702\/revisions"}],"predecessor-version":[{"id":11726,"href":"https:\/\/www.yuliyjosh.com\/welcome\/wp-json\/wp\/v2\/pages\/8702\/revisions\/11726"}],"wp:attachment":[{"href":"https:\/\/www.yuliyjosh.com\/welcome\/wp-json\/wp\/v2\/media?parent=8702"}],"curies":[{"name":"wp","href":"https:\/\/api.w.org\/{rel}","templated":true}]}}