{"id":9417,"date":"2019-10-21T13:38:33","date_gmt":"2019-10-21T13:38:33","guid":{"rendered":"https:\/\/stage.wolfthemes.live\/herion\/?page_id=9417"},"modified":"2023-01-29T18:04:28","modified_gmt":"2023-01-29T23:04:28","slug":"labanda","status":"publish","type":"page","link":"https:\/\/www.yuliyjosh.com\/welcome\/labanda\/","title":{"rendered":"\u00bfQui\u00e9nes Somos?"},"content":{"rendered":"<div class=\"wpb-content-wrapper\"><p>[vc_row column_type=&#8221;block&#8221; full_height=&#8221;yes&#8221; font_color=&#8221;light&#8221; background_type=&#8221;image&#8221; background_img=&#8221;11538&#8243; background_position=&#8221;center top&#8221; background_effect=&#8221;fixed&#8221; background_img_lazyload=&#8221;1&#8243; shift_y=&#8221;0&#8243; z_index=&#8221;0&#8243;][vc_column width=&#8221;1\/2&#8243;][\/vc_column][vc_column width=&#8221;1\/2&#8243; add_overlay=&#8221;yes&#8221; overlay_opacity=&#8221;60&#8243; shift_x=&#8221;0&#8243; shift_y=&#8221;0&#8243; z_index=&#8221;0&#8243; max_width=&#8221;500&#8243;][vc_custom_heading text=&#8221;\u00bfQui\u00e9nes Somos?&#8221; font_size=&#8221;95&#8243; font_family=&#8221;HarleyStyle&#8221; text_align=&#8221;left&#8221; color=&#8221;custom&#8221; text_transform=&#8221;none&#8221; custom_color=&#8221;rgba(255,255,255,0.3)&#8221; css=&#8221;.vc_custom_1673642051255{margin-bottom: -20px !important;}&#8221;][vc_custom_heading text=&#8221;YULI Y JOSH&#8221; font_size=&#8221;35&#8243; text_align=&#8221;left&#8221;][vc_column_text]Esposos, Youtubers Cristiano Cat\u00f3licos, Papitos de Baby JOSH y Baby JACK. Estamos dedicados al servicio de Dios a trav\u00e9s de la M\u00fasica al 100% desde el a\u00f1o 2009. Nuestra Misi\u00f3n; es seguir llevando el mensaje de Dios a todo los rincones del planeta de mano de la M\u00fasica.[\/vc_column_text][vc_single_image image=&#8221;9530&#8243; img_size=&#8221;full&#8221; full_width=&#8221;1&#8243; alignment=&#8221;left&#8221; opacity=&#8221;100&#8243; max_width=&#8221;150&#8243;][wvc_list i_type=&#8221;linea-icons&#8221; i_icon_linea-icons=&#8221;linea-basic-magnifier-plus&#8221;]<\/p>\n<ul>\n<li><a href=\"https:\/\/www.yuliyjosh.com\/welcome\/booking\/\"><span style=\"font-size: 12pt;\">Invitar para un Concierto\/Evento\/Retiro etc.<\/span><\/a><\/li>\n<li><a href=\"https:\/\/www.yuliyjosh.com\/welcome\/tienda\/\"><span style=\"font-size: 12pt;\">Comprar en nuestra Tienda Virtual<\/span><\/a><\/li>\n<li><span style=\"font-size: 12pt;\">Adquirir Tickets para nuestros Conciertos<\/span><\/li>\n<li><span style=\"font-size: 12pt;\">Estudiar con nosotros en l\u00ednea<\/span><\/li>\n<li><a href=\"https:\/\/www.yuliyjosh.com\/welcome\/contacto\/\"><span style=\"font-size: 12pt;\">Contactarte con nosotros (Informaci\u00f3n General)<\/span><\/a><\/li>\n<\/ul>\n<p><a href=\"https:\/\/www.yuliyjosh.com\/welcome\/\">VOLVER AL INICIO DE LA WEB<\/a>[\/wvc_list][wvc_social_icons services=&#8221;facebook,twitter,instagram,youtube,spotify&#8221; alignment=&#8221;left&#8221; target=&#8221;_blank&#8221; rel=&#8221;true&#8221; background_style=&#8221;rounded&#8221; background_color=&#8221;white&#8221; hover_effect=&#8221;opacity&#8221;][\/vc_column][\/vc_row]<\/p>\n<\/div>","protected":false},"excerpt":{"rendered":"<p>[vc_row column_type=&#8221;block&#8221; full_height=&#8221;yes&#8221; font_color=&#8221;light&#8221; background_type=&#8221;image&#8221; background_img=&#8221;11538&#8243; background_position=&#8221;center top&#8221; background_effect=&#8221;fixed&#8221; background_img_lazyload=&#8221;1&#8243; shift_y=&#8221;0&#8243; z_index=&#8221;0&#8243;][vc_column width=&#8221;1\/2&#8243;][\/vc_column][vc_column width=&#8221;1\/2&#8243; add_overlay=&#8221;yes&#8221; overlay_opacity=&#8221;60&#8243; shift_x=&#8221;0&#8243; shift_y=&#8221;0&#8243; z_index=&#8221;0&#8243; max_width=&#8221;500&#8243;][vc_custom_heading text=&#8221;\u00bfQui\u00e9nes Somos?&#8221; font_size=&#8221;95&#8243; font_family=&#8221;HarleyStyle&#8221; text_align=&#8221;left&#8221; color=&#8221;custom&#8221; text_transform=&#8221;none&#8221; custom_color=&#8221;rgba(255,255,255,0.3)&#8221; css=&#8221;.vc_custom_1673642051255{margin-bottom: -20px !important;}&#8221;][vc_custom_heading text=&#8221;YULI Y JOSH&#8221; font_size=&#8221;35&#8243; text_align=&#8221;left&#8221;][vc_column_text]Esposos, Youtubers Cristiano Cat\u00f3licos, Papitos de Baby JOSH y Baby JACK. Estamos dedicados al servicio de Dios a trav\u00e9s de&#8230;<\/p>\n<p><a rel=\"bookmark\" class=\"theme-button-text wvc-button wvc-button-size-xs\" href=\"https:\/\/www.yuliyjosh.com\/welcome\/labanda\/\"><small class=\"wvc-button-background-fill\"><\/small><span>Seguir leyendo<\/span><\/a><\/p>\n","protected":false},"author":1,"featured_media":0,"parent":0,"menu_order":0,"comment_status":"closed","ping_status":"closed","template":"","meta":{"_themeisle_gutenberg_block_has_review":false,"footnotes":""},"class_list":{"0":"post-9417","1":"page","2":"type-page","3":"status-publish","4":"hentry","5":"entry","6":"clearfix","7":"entry-grid","8":"entry-columns-default","9":"entry-page-module-layout-standard","10":"no-post-thumbnail","11":"entry-page","13":"entry-page-grid"},"_links":{"self":[{"href":"https:\/\/www.yuliyjosh.com\/welcome\/wp-json\/wp\/v2\/pages\/9417","targetHints":{"allow":["GET"]}}],"collection":[{"href":"https:\/\/www.yuliyjosh.com\/welcome\/wp-json\/wp\/v2\/pages"}],"about":[{"href":"https:\/\/www.yuliyjosh.com\/welcome\/wp-json\/wp\/v2\/types\/page"}],"author":[{"embeddable":true,"href":"https:\/\/www.yuliyjosh.com\/welcome\/wp-json\/wp\/v2\/users\/1"}],"replies":[{"embeddable":true,"href":"https:\/\/www.yuliyjosh.com\/welcome\/wp-json\/wp\/v2\/comments?post=9417"}],"version-history":[{"count":8,"href":"https:\/\/www.yuliyjosh.com\/welcome\/wp-json\/wp\/v2\/pages\/9417\/revisions"}],"predecessor-version":[{"id":11630,"href":"https:\/\/www.yuliyjosh.com\/welcome\/wp-json\/wp\/v2\/pages\/9417\/revisions\/11630"}],"wp:attachment":[{"href":"https:\/\/www.yuliyjosh.com\/welcome\/wp-json\/wp\/v2\/media?parent=9417"}],"curies":[{"name":"wp","href":"https:\/\/api.w.org\/{rel}","templated":true}]}}